{"id":942,"date":"2018-03-12T08:59:23","date_gmt":"2018-03-12T07:59:23","guid":{"rendered":"http:\/\/www.ecambria-experts.de\/it-sachverstaendiger\/?page_id=942"},"modified":"2018-03-12T09:05:06","modified_gmt":"2018-03-12T08:05:06","slug":"loeschen-mission-impossible","status":"publish","type":"page","link":"https:\/\/www.ecambria-experts.de\/it-sachverstaendiger\/loeschen-mission-impossible","title":{"rendered":"L\u00f6schen: Mission Impossible?"},"content":{"rendered":"<p>Stiemerling, Oliver:\u00a0 <strong>L\u00f6schen: Mission Impossible?<\/strong>, PinG &#8211; Privacy in Germany 02.18, Seiten 93 ff.<\/p>\n<p>Die technische Umsetzung der rechtlichen L\u00f6schvorgaben der DSGVO stellt Anwender aufgrund der Komplexit\u00e4t und Vielschichtigkeit moderner IT-Systeme vor gro\u00dfe Herausforderungen. Dieser Beitrag zeigt zun\u00e4chst anhand einer detaillierten Betrachtung der m\u00f6glichen Speicherorte personenbezogener Daten, dass eine unverz\u00fcgliche vollst\u00e4ndige L\u00f6schung an allen Speicherorten inklusive der Datensicherungen in der Praxis zumeist weder effektiv m\u00f6glich noch aus Risikoerw\u00e4gungen sachgerecht ist. Stattdessen wird zur Umsetzung rechtlicher L\u00f6schanforderungen ein zeitlich abgestuftes Vorgehen in Verbindung mit Verschl\u00fcsselung und weiteren technischen und organisatorischen Ma\u00dfnahmen vorgeschlagen.<\/p>\n<p>Der vollst\u00e4ndige Text ist beim Erich\u00a0Schmidt\u00a0Verlag\u00a0GmbH\u00a0&amp;\u00a0Co.\u00a0KG erh\u00e4ltlich.<\/p>\n","protected":false},"excerpt":{"rendered":"<p>Stiemerling, Oliver:\u00a0 L\u00f6schen: Mission Impossible?, PinG &#8211; Privacy in Germany 02.18, Seiten 93 ff. Die technische Umsetzung der rechtlichen L\u00f6schvorgaben der DSGVO stellt Anwender aufgrund der Komplexit\u00e4t und Vielschichtigkeit moderner IT-Systeme vor gro\u00dfe Herausforderungen. Dieser Beitrag zeigt zun\u00e4chst anhand einer detaillierten Betrachtung der m\u00f6glichen Speicherorte personenbezogener Daten, dass eine unverz\u00fcgliche&#8230;<\/p>\n","protected":false},"author":1,"featured_media":0,"parent":0,"menu_order":0,"comment_status":"closed","ping_status":"closed","template":"","meta":{"inline_featured_image":false,"footnotes":""},"class_list":["post-942","page","type-page","status-publish","hentry"],"yoast_head":"<!-- This site is optimized with the Yoast SEO plugin v25.4 - https:\/\/yoast.com\/wordpress\/plugins\/seo\/ -->\n<title>L\u00f6schen: Mission Impossible? - ecambria experts<\/title>\n<meta name=\"robots\" content=\"index, follow, max-snippet:-1, max-image-preview:large, max-video-preview:-1\" \/>\n<link rel=\"canonical\" href=\"https:\/\/www.ecambria-experts.de\/it-sachverstaendiger\/loeschen-mission-impossible\" \/>\n<meta property=\"og:locale\" content=\"de_DE\" \/>\n<meta property=\"og:type\" content=\"article\" \/>\n<meta property=\"og:title\" content=\"L\u00f6schen: Mission Impossible? - ecambria experts\" \/>\n<meta property=\"og:description\" content=\"Stiemerling, Oliver:\u00a0 L\u00f6schen: Mission Impossible?, PinG &#8211; Privacy in Germany 02.18, Seiten 93 ff. Die technische Umsetzung der rechtlichen L\u00f6schvorgaben der DSGVO stellt Anwender aufgrund der Komplexit\u00e4t und Vielschichtigkeit moderner IT-Systeme vor gro\u00dfe Herausforderungen. Dieser Beitrag zeigt zun\u00e4chst anhand einer detaillierten Betrachtung der m\u00f6glichen Speicherorte personenbezogener Daten, dass eine unverz\u00fcgliche...\" \/>\n<meta property=\"og:url\" content=\"https:\/\/www.ecambria-experts.de\/it-sachverstaendiger\/loeschen-mission-impossible\" \/>\n<meta property=\"og:site_name\" content=\"ecambria experts\" \/>\n<meta property=\"article:modified_time\" content=\"2018-03-12T08:05:06+00:00\" \/>\n<meta name=\"twitter:card\" content=\"summary_large_image\" \/>\n<meta name=\"twitter:label1\" content=\"Gesch\u00e4tzte Lesezeit\" \/>\n\t<meta name=\"twitter:data1\" content=\"1\u00a0Minute\" \/>\n<script type=\"application\/ld+json\" class=\"yoast-schema-graph\">{\"@context\":\"https:\/\/schema.org\",\"@graph\":[{\"@type\":\"WebPage\",\"@id\":\"https:\/\/www.ecambria-experts.de\/it-sachverstaendiger\/loeschen-mission-impossible\",\"url\":\"https:\/\/www.ecambria-experts.de\/it-sachverstaendiger\/loeschen-mission-impossible\",\"name\":\"L\u00f6schen: Mission Impossible? - ecambria experts\",\"isPartOf\":{\"@id\":\"https:\/\/www.ecambria-experts.de\/it-sachverstaendiger\/#website\"},\"datePublished\":\"2018-03-12T07:59:23+00:00\",\"dateModified\":\"2018-03-12T08:05:06+00:00\",\"breadcrumb\":{\"@id\":\"https:\/\/www.ecambria-experts.de\/it-sachverstaendiger\/loeschen-mission-impossible#breadcrumb\"},\"inLanguage\":\"de\",\"potentialAction\":[{\"@type\":\"ReadAction\",\"target\":[\"https:\/\/www.ecambria-experts.de\/it-sachverstaendiger\/loeschen-mission-impossible\"]}]},{\"@type\":\"BreadcrumbList\",\"@id\":\"https:\/\/www.ecambria-experts.de\/it-sachverstaendiger\/loeschen-mission-impossible#breadcrumb\",\"itemListElement\":[{\"@type\":\"ListItem\",\"position\":1,\"name\":\"Startseite\",\"item\":\"https:\/\/www.ecambria-experts.de\/it-sachverstaendiger\/\"},{\"@type\":\"ListItem\",\"position\":2,\"name\":\"L\u00f6schen: Mission Impossible?\"}]},{\"@type\":\"WebSite\",\"@id\":\"https:\/\/www.ecambria-experts.de\/it-sachverstaendiger\/#website\",\"url\":\"https:\/\/www.ecambria-experts.de\/it-sachverstaendiger\/\",\"name\":\"ecambria experts\",\"description\":\"IT-Sachverst\u00e4ndige und Gutachter, Bewertung, Gerichtsgutachten, Privatgutachten, Schlichtung\",\"publisher\":{\"@id\":\"https:\/\/www.ecambria-experts.de\/it-sachverstaendiger\/#organization\"},\"potentialAction\":[{\"@type\":\"SearchAction\",\"target\":{\"@type\":\"EntryPoint\",\"urlTemplate\":\"https:\/\/www.ecambria-experts.de\/it-sachverstaendiger\/?s={search_term_string}\"},\"query-input\":{\"@type\":\"PropertyValueSpecification\",\"valueRequired\":true,\"valueName\":\"search_term_string\"}}],\"inLanguage\":\"de\"},{\"@type\":\"Organization\",\"@id\":\"https:\/\/www.ecambria-experts.de\/it-sachverstaendiger\/#organization\",\"name\":\"ecambria experts\",\"url\":\"https:\/\/www.ecambria-experts.de\/it-sachverstaendiger\/\",\"logo\":{\"@type\":\"ImageObject\",\"inLanguage\":\"de\",\"@id\":\"https:\/\/www.ecambria-experts.de\/it-sachverstaendiger\/#\/schema\/logo\/image\/\",\"url\":\"https:\/\/www.ecambria-experts.de\/it-sachverstaendiger\/wp-content\/uploads\/2025\/09\/ecambria_experts_logo_ohne_rand.svg\",\"contentUrl\":\"https:\/\/www.ecambria-experts.de\/it-sachverstaendiger\/wp-content\/uploads\/2025\/09\/ecambria_experts_logo_ohne_rand.svg\",\"width\":369,\"height\":60,\"caption\":\"ecambria experts\"},\"image\":{\"@id\":\"https:\/\/www.ecambria-experts.de\/it-sachverstaendiger\/#\/schema\/logo\/image\/\"}}]}<\/script>\n<!-- \/ Yoast SEO plugin. -->","yoast_head_json":{"title":"L\u00f6schen: Mission Impossible? - ecambria experts","robots":{"index":"index","follow":"follow","max-snippet":"max-snippet:-1","max-image-preview":"max-image-preview:large","max-video-preview":"max-video-preview:-1"},"canonical":"https:\/\/www.ecambria-experts.de\/it-sachverstaendiger\/loeschen-mission-impossible","og_locale":"de_DE","og_type":"article","og_title":"L\u00f6schen: Mission Impossible? - ecambria experts","og_description":"Stiemerling, Oliver:\u00a0 L\u00f6schen: Mission Impossible?, PinG &#8211; Privacy in Germany 02.18, Seiten 93 ff. Die technische Umsetzung der rechtlichen L\u00f6schvorgaben der DSGVO stellt Anwender aufgrund der Komplexit\u00e4t und Vielschichtigkeit moderner IT-Systeme vor gro\u00dfe Herausforderungen. Dieser Beitrag zeigt zun\u00e4chst anhand einer detaillierten Betrachtung der m\u00f6glichen Speicherorte personenbezogener Daten, dass eine unverz\u00fcgliche...","og_url":"https:\/\/www.ecambria-experts.de\/it-sachverstaendiger\/loeschen-mission-impossible","og_site_name":"ecambria experts","article_modified_time":"2018-03-12T08:05:06+00:00","twitter_card":"summary_large_image","twitter_misc":{"Gesch\u00e4tzte Lesezeit":"1\u00a0Minute"},"schema":{"@context":"https:\/\/schema.org","@graph":[{"@type":"WebPage","@id":"https:\/\/www.ecambria-experts.de\/it-sachverstaendiger\/loeschen-mission-impossible","url":"https:\/\/www.ecambria-experts.de\/it-sachverstaendiger\/loeschen-mission-impossible","name":"L\u00f6schen: Mission Impossible? - ecambria experts","isPartOf":{"@id":"https:\/\/www.ecambria-experts.de\/it-sachverstaendiger\/#website"},"datePublished":"2018-03-12T07:59:23+00:00","dateModified":"2018-03-12T08:05:06+00:00","breadcrumb":{"@id":"https:\/\/www.ecambria-experts.de\/it-sachverstaendiger\/loeschen-mission-impossible#breadcrumb"},"inLanguage":"de","potentialAction":[{"@type":"ReadAction","target":["https:\/\/www.ecambria-experts.de\/it-sachverstaendiger\/loeschen-mission-impossible"]}]},{"@type":"BreadcrumbList","@id":"https:\/\/www.ecambria-experts.de\/it-sachverstaendiger\/loeschen-mission-impossible#breadcrumb","itemListElement":[{"@type":"ListItem","position":1,"name":"Startseite","item":"https:\/\/www.ecambria-experts.de\/it-sachverstaendiger\/"},{"@type":"ListItem","position":2,"name":"L\u00f6schen: Mission Impossible?"}]},{"@type":"WebSite","@id":"https:\/\/www.ecambria-experts.de\/it-sachverstaendiger\/#website","url":"https:\/\/www.ecambria-experts.de\/it-sachverstaendiger\/","name":"ecambria experts","description":"IT-Sachverst\u00e4ndige und Gutachter, Bewertung, Gerichtsgutachten, Privatgutachten, Schlichtung","publisher":{"@id":"https:\/\/www.ecambria-experts.de\/it-sachverstaendiger\/#organization"},"potentialAction":[{"@type":"SearchAction","target":{"@type":"EntryPoint","urlTemplate":"https:\/\/www.ecambria-experts.de\/it-sachverstaendiger\/?s={search_term_string}"},"query-input":{"@type":"PropertyValueSpecification","valueRequired":true,"valueName":"search_term_string"}}],"inLanguage":"de"},{"@type":"Organization","@id":"https:\/\/www.ecambria-experts.de\/it-sachverstaendiger\/#organization","name":"ecambria experts","url":"https:\/\/www.ecambria-experts.de\/it-sachverstaendiger\/","logo":{"@type":"ImageObject","inLanguage":"de","@id":"https:\/\/www.ecambria-experts.de\/it-sachverstaendiger\/#\/schema\/logo\/image\/","url":"https:\/\/www.ecambria-experts.de\/it-sachverstaendiger\/wp-content\/uploads\/2025\/09\/ecambria_experts_logo_ohne_rand.svg","contentUrl":"https:\/\/www.ecambria-experts.de\/it-sachverstaendiger\/wp-content\/uploads\/2025\/09\/ecambria_experts_logo_ohne_rand.svg","width":369,"height":60,"caption":"ecambria experts"},"image":{"@id":"https:\/\/www.ecambria-experts.de\/it-sachverstaendiger\/#\/schema\/logo\/image\/"}}]}},"_links":{"self":[{"href":"https:\/\/www.ecambria-experts.de\/it-sachverstaendiger\/wp-json\/wp\/v2\/pages\/942","targetHints":{"allow":["GET"]}}],"collection":[{"href":"https:\/\/www.ecambria-experts.de\/it-sachverstaendiger\/wp-json\/wp\/v2\/pages"}],"about":[{"href":"https:\/\/www.ecambria-experts.de\/it-sachverstaendiger\/wp-json\/wp\/v2\/types\/page"}],"author":[{"embeddable":true,"href":"https:\/\/www.ecambria-experts.de\/it-sachverstaendiger\/wp-json\/wp\/v2\/users\/1"}],"replies":[{"embeddable":true,"href":"https:\/\/www.ecambria-experts.de\/it-sachverstaendiger\/wp-json\/wp\/v2\/comments?post=942"}],"version-history":[{"count":2,"href":"https:\/\/www.ecambria-experts.de\/it-sachverstaendiger\/wp-json\/wp\/v2\/pages\/942\/revisions"}],"predecessor-version":[{"id":948,"href":"https:\/\/www.ecambria-experts.de\/it-sachverstaendiger\/wp-json\/wp\/v2\/pages\/942\/revisions\/948"}],"wp:attachment":[{"href":"https:\/\/www.ecambria-experts.de\/it-sachverstaendiger\/wp-json\/wp\/v2\/media?parent=942"}],"curies":[{"name":"wp","href":"https:\/\/api.w.org\/{rel}","templated":true}]}}