{"id":95,"date":"2014-12-20T14:30:10","date_gmt":"2014-12-20T12:30:10","guid":{"rendered":"http:\/\/www.the-only-thing-constant.com\/?page_id=95"},"modified":"2019-09-04T13:49:08","modified_gmt":"2019-09-04T12:49:08","slug":"ueberpruefung-der-ist-beschaffenheit","status":"publish","type":"page","link":"https:\/\/www.ecambria-experts.de\/it-sachverstaendiger\/ueberpruefung-der-ist-beschaffenheit","title":{"rendered":"\u00dcberpr\u00fcfung der IST-Beschaffenheit"},"content":{"rendered":"<div id=\"contentcolumn\">\n<h1>\u00dcberpr\u00fcfung der IST-Beschaffenheit<\/h1>\n<p class=\"main-text\">Das tats\u00e4chliche Verhalten der Software ist bei funktionalen Problemen (z.B. falschen Berechnungen) oft auch f\u00fcr einen Laien leicht festzustellen und zu dokumentieren.<\/p>\n<p class=\"main-text\">Gerade bei nicht-funktionalen Software-Eigenschaften wie dem Antwortzeitverhalten, der Benutzbarkeit (Usability) oder auch dem Verhalten unter hoher Last (gro\u00dfe Datenmengen, viele parallele Benutzer) ist die fachgerechte Feststellung der IST-Beschaffenheit schon schwieriger.<\/p>\n<p>Hier unterst\u00fctzen wir Sie als IT-Sachverst\u00e4ndige mit sachgerechten Messverfahren und nachvollziehbarer, verst\u00e4ndlicher Aufbereitung des Zustands von Software und ggf. auch der zugeh\u00f6rigen Spezifikation und Dokumentation.<\/p>\n<\/div>\n","protected":false},"excerpt":{"rendered":"<p>\u00dcberpr\u00fcfung der IST-Beschaffenheit Das tats\u00e4chliche Verhalten der Software ist bei funktionalen Problemen (z.B. falschen Berechnungen) oft auch f\u00fcr einen Laien leicht festzustellen und zu dokumentieren. Gerade bei nicht-funktionalen Software-Eigenschaften wie dem Antwortzeitverhalten, der Benutzbarkeit (Usability) oder auch dem Verhalten unter hoher Last (gro\u00dfe Datenmengen, viele parallele Benutzer) ist die fachgerechte&#8230;<\/p>\n","protected":false},"author":1,"featured_media":0,"parent":0,"menu_order":0,"comment_status":"closed","ping_status":"closed","template":"","meta":{"inline_featured_image":false,"footnotes":""},"class_list":["post-95","page","type-page","status-publish","hentry"],"yoast_head":"<!-- This site is optimized with the Yoast SEO plugin v25.4 - https:\/\/yoast.com\/wordpress\/plugins\/seo\/ -->\n<title>\u00dcberpr\u00fcfung der IST-Beschaffenheit - ecambria experts<\/title>\n<meta name=\"description\" content=\"Die ecambria experts unterst\u00fctzen Sie bei der fachgerechten Feststellung der IST-Beschaffenheit einer Software unter Verwendung sachgerechter Messverfahren.\" \/>\n<meta name=\"robots\" content=\"index, follow, max-snippet:-1, max-image-preview:large, max-video-preview:-1\" \/>\n<link rel=\"canonical\" href=\"https:\/\/www.ecambria-experts.de\/it-sachverstaendiger\/ueberpruefung-der-ist-beschaffenheit\" \/>\n<meta property=\"og:locale\" content=\"de_DE\" \/>\n<meta property=\"og:type\" content=\"article\" \/>\n<meta property=\"og:title\" content=\"\u00dcberpr\u00fcfung der IST-Beschaffenheit - ecambria experts\" \/>\n<meta property=\"og:description\" content=\"Die ecambria experts unterst\u00fctzen Sie bei der fachgerechten Feststellung der IST-Beschaffenheit einer Software unter Verwendung sachgerechter Messverfahren.\" \/>\n<meta property=\"og:url\" content=\"https:\/\/www.ecambria-experts.de\/it-sachverstaendiger\/ueberpruefung-der-ist-beschaffenheit\" \/>\n<meta property=\"og:site_name\" content=\"ecambria experts\" \/>\n<meta property=\"article:modified_time\" content=\"2019-09-04T12:49:08+00:00\" \/>\n<meta name=\"twitter:card\" content=\"summary_large_image\" \/>\n<script type=\"application\/ld+json\" class=\"yoast-schema-graph\">{\"@context\":\"https:\/\/schema.org\",\"@graph\":[{\"@type\":\"WebPage\",\"@id\":\"https:\/\/www.ecambria-experts.de\/it-sachverstaendiger\/ueberpruefung-der-ist-beschaffenheit\",\"url\":\"https:\/\/www.ecambria-experts.de\/it-sachverstaendiger\/ueberpruefung-der-ist-beschaffenheit\",\"name\":\"\u00dcberpr\u00fcfung der IST-Beschaffenheit - ecambria experts\",\"isPartOf\":{\"@id\":\"https:\/\/www.ecambria-experts.de\/it-sachverstaendiger\/#website\"},\"datePublished\":\"2014-12-20T12:30:10+00:00\",\"dateModified\":\"2019-09-04T12:49:08+00:00\",\"description\":\"Die ecambria experts unterst\u00fctzen Sie bei der fachgerechten Feststellung der IST-Beschaffenheit einer Software unter Verwendung sachgerechter Messverfahren.\",\"breadcrumb\":{\"@id\":\"https:\/\/www.ecambria-experts.de\/it-sachverstaendiger\/ueberpruefung-der-ist-beschaffenheit#breadcrumb\"},\"inLanguage\":\"de\",\"potentialAction\":[{\"@type\":\"ReadAction\",\"target\":[\"https:\/\/www.ecambria-experts.de\/it-sachverstaendiger\/ueberpruefung-der-ist-beschaffenheit\"]}]},{\"@type\":\"BreadcrumbList\",\"@id\":\"https:\/\/www.ecambria-experts.de\/it-sachverstaendiger\/ueberpruefung-der-ist-beschaffenheit#breadcrumb\",\"itemListElement\":[{\"@type\":\"ListItem\",\"position\":1,\"name\":\"Startseite\",\"item\":\"https:\/\/www.ecambria-experts.de\/it-sachverstaendiger\/\"},{\"@type\":\"ListItem\",\"position\":2,\"name\":\"\u00dcberpr\u00fcfung der IST-Beschaffenheit\"}]},{\"@type\":\"WebSite\",\"@id\":\"https:\/\/www.ecambria-experts.de\/it-sachverstaendiger\/#website\",\"url\":\"https:\/\/www.ecambria-experts.de\/it-sachverstaendiger\/\",\"name\":\"ecambria experts\",\"description\":\"IT-Sachverst\u00e4ndige und Gutachter, Bewertung, Gerichtsgutachten, Privatgutachten, Schlichtung\",\"publisher\":{\"@id\":\"https:\/\/www.ecambria-experts.de\/it-sachverstaendiger\/#organization\"},\"potentialAction\":[{\"@type\":\"SearchAction\",\"target\":{\"@type\":\"EntryPoint\",\"urlTemplate\":\"https:\/\/www.ecambria-experts.de\/it-sachverstaendiger\/?s={search_term_string}\"},\"query-input\":{\"@type\":\"PropertyValueSpecification\",\"valueRequired\":true,\"valueName\":\"search_term_string\"}}],\"inLanguage\":\"de\"},{\"@type\":\"Organization\",\"@id\":\"https:\/\/www.ecambria-experts.de\/it-sachverstaendiger\/#organization\",\"name\":\"ecambria experts\",\"url\":\"https:\/\/www.ecambria-experts.de\/it-sachverstaendiger\/\",\"logo\":{\"@type\":\"ImageObject\",\"inLanguage\":\"de\",\"@id\":\"https:\/\/www.ecambria-experts.de\/it-sachverstaendiger\/#\/schema\/logo\/image\/\",\"url\":\"https:\/\/www.ecambria-experts.de\/it-sachverstaendiger\/wp-content\/uploads\/2025\/09\/ecambria_experts_logo_ohne_rand.svg\",\"contentUrl\":\"https:\/\/www.ecambria-experts.de\/it-sachverstaendiger\/wp-content\/uploads\/2025\/09\/ecambria_experts_logo_ohne_rand.svg\",\"width\":369,\"height\":60,\"caption\":\"ecambria experts\"},\"image\":{\"@id\":\"https:\/\/www.ecambria-experts.de\/it-sachverstaendiger\/#\/schema\/logo\/image\/\"}}]}<\/script>\n<!-- \/ Yoast SEO plugin. -->","yoast_head_json":{"title":"\u00dcberpr\u00fcfung der IST-Beschaffenheit - ecambria experts","description":"Die ecambria experts unterst\u00fctzen Sie bei der fachgerechten Feststellung der IST-Beschaffenheit einer Software unter Verwendung sachgerechter Messverfahren.","robots":{"index":"index","follow":"follow","max-snippet":"max-snippet:-1","max-image-preview":"max-image-preview:large","max-video-preview":"max-video-preview:-1"},"canonical":"https:\/\/www.ecambria-experts.de\/it-sachverstaendiger\/ueberpruefung-der-ist-beschaffenheit","og_locale":"de_DE","og_type":"article","og_title":"\u00dcberpr\u00fcfung der IST-Beschaffenheit - ecambria experts","og_description":"Die ecambria experts unterst\u00fctzen Sie bei der fachgerechten Feststellung der IST-Beschaffenheit einer Software unter Verwendung sachgerechter Messverfahren.","og_url":"https:\/\/www.ecambria-experts.de\/it-sachverstaendiger\/ueberpruefung-der-ist-beschaffenheit","og_site_name":"ecambria experts","article_modified_time":"2019-09-04T12:49:08+00:00","twitter_card":"summary_large_image","schema":{"@context":"https:\/\/schema.org","@graph":[{"@type":"WebPage","@id":"https:\/\/www.ecambria-experts.de\/it-sachverstaendiger\/ueberpruefung-der-ist-beschaffenheit","url":"https:\/\/www.ecambria-experts.de\/it-sachverstaendiger\/ueberpruefung-der-ist-beschaffenheit","name":"\u00dcberpr\u00fcfung der IST-Beschaffenheit - ecambria experts","isPartOf":{"@id":"https:\/\/www.ecambria-experts.de\/it-sachverstaendiger\/#website"},"datePublished":"2014-12-20T12:30:10+00:00","dateModified":"2019-09-04T12:49:08+00:00","description":"Die ecambria experts unterst\u00fctzen Sie bei der fachgerechten Feststellung der IST-Beschaffenheit einer Software unter Verwendung sachgerechter Messverfahren.","breadcrumb":{"@id":"https:\/\/www.ecambria-experts.de\/it-sachverstaendiger\/ueberpruefung-der-ist-beschaffenheit#breadcrumb"},"inLanguage":"de","potentialAction":[{"@type":"ReadAction","target":["https:\/\/www.ecambria-experts.de\/it-sachverstaendiger\/ueberpruefung-der-ist-beschaffenheit"]}]},{"@type":"BreadcrumbList","@id":"https:\/\/www.ecambria-experts.de\/it-sachverstaendiger\/ueberpruefung-der-ist-beschaffenheit#breadcrumb","itemListElement":[{"@type":"ListItem","position":1,"name":"Startseite","item":"https:\/\/www.ecambria-experts.de\/it-sachverstaendiger\/"},{"@type":"ListItem","position":2,"name":"\u00dcberpr\u00fcfung der IST-Beschaffenheit"}]},{"@type":"WebSite","@id":"https:\/\/www.ecambria-experts.de\/it-sachverstaendiger\/#website","url":"https:\/\/www.ecambria-experts.de\/it-sachverstaendiger\/","name":"ecambria experts","description":"IT-Sachverst\u00e4ndige und Gutachter, Bewertung, Gerichtsgutachten, Privatgutachten, Schlichtung","publisher":{"@id":"https:\/\/www.ecambria-experts.de\/it-sachverstaendiger\/#organization"},"potentialAction":[{"@type":"SearchAction","target":{"@type":"EntryPoint","urlTemplate":"https:\/\/www.ecambria-experts.de\/it-sachverstaendiger\/?s={search_term_string}"},"query-input":{"@type":"PropertyValueSpecification","valueRequired":true,"valueName":"search_term_string"}}],"inLanguage":"de"},{"@type":"Organization","@id":"https:\/\/www.ecambria-experts.de\/it-sachverstaendiger\/#organization","name":"ecambria experts","url":"https:\/\/www.ecambria-experts.de\/it-sachverstaendiger\/","logo":{"@type":"ImageObject","inLanguage":"de","@id":"https:\/\/www.ecambria-experts.de\/it-sachverstaendiger\/#\/schema\/logo\/image\/","url":"https:\/\/www.ecambria-experts.de\/it-sachverstaendiger\/wp-content\/uploads\/2025\/09\/ecambria_experts_logo_ohne_rand.svg","contentUrl":"https:\/\/www.ecambria-experts.de\/it-sachverstaendiger\/wp-content\/uploads\/2025\/09\/ecambria_experts_logo_ohne_rand.svg","width":369,"height":60,"caption":"ecambria experts"},"image":{"@id":"https:\/\/www.ecambria-experts.de\/it-sachverstaendiger\/#\/schema\/logo\/image\/"}}]}},"_links":{"self":[{"href":"https:\/\/www.ecambria-experts.de\/it-sachverstaendiger\/wp-json\/wp\/v2\/pages\/95","targetHints":{"allow":["GET"]}}],"collection":[{"href":"https:\/\/www.ecambria-experts.de\/it-sachverstaendiger\/wp-json\/wp\/v2\/pages"}],"about":[{"href":"https:\/\/www.ecambria-experts.de\/it-sachverstaendiger\/wp-json\/wp\/v2\/types\/page"}],"author":[{"embeddable":true,"href":"https:\/\/www.ecambria-experts.de\/it-sachverstaendiger\/wp-json\/wp\/v2\/users\/1"}],"replies":[{"embeddable":true,"href":"https:\/\/www.ecambria-experts.de\/it-sachverstaendiger\/wp-json\/wp\/v2\/comments?post=95"}],"version-history":[{"count":5,"href":"https:\/\/www.ecambria-experts.de\/it-sachverstaendiger\/wp-json\/wp\/v2\/pages\/95\/revisions"}],"predecessor-version":[{"id":1340,"href":"https:\/\/www.ecambria-experts.de\/it-sachverstaendiger\/wp-json\/wp\/v2\/pages\/95\/revisions\/1340"}],"wp:attachment":[{"href":"https:\/\/www.ecambria-experts.de\/it-sachverstaendiger\/wp-json\/wp\/v2\/media?parent=95"}],"curies":[{"name":"wp","href":"https:\/\/api.w.org\/{rel}","templated":true}]}}