{"id":97,"date":"2014-12-20T14:32:35","date_gmt":"2014-12-20T12:32:35","guid":{"rendered":"http:\/\/www.the-only-thing-constant.com\/?page_id=97"},"modified":"2019-09-04T13:48:42","modified_gmt":"2019-09-04T12:48:42","slug":"leistungen_fehlerberwertung_von_software_und_dokumentation","status":"publish","type":"page","link":"https:\/\/www.ecambria-experts.de\/it-sachverstaendiger\/leistungen_fehlerberwertung_von_software_und_dokumentation","title":{"rendered":"Bewertung von Fehlern bei Software und Dokumentation"},"content":{"rendered":"<div id=\"contentcolumn\">\n<h1>Bewertung von Fehlern bei Software und Dokumentation<\/h1>\n<p class=\"main-text\">Auch bei einer von beiden Parteien zugestandenen Abweichung der IST-Beschaffenheit von der SOLL-Beschaffenheit (also einem Fehler aus technischer Sicht) kommt es h\u00e4ufig zum Streit bez\u00fcglich des Schweregrades des Fehlers.<\/p>\n<p>An dieser Stelle k\u00f6nnen wir als IT-Sachverst\u00e4ndige mit anerkannten Verfahren zur Fehlerklassifikation und -bewertung eine praxisnahe und nachvollziehbare Einordnung der festgestellten Fehler liefern. Auf dieser Basis kann dann im Rahmen der Behebung mit passenden Priorit\u00e4ten und Fristen gearbeitet werden.<\/p>\n<\/div>\n","protected":false},"excerpt":{"rendered":"<p>Bewertung von Fehlern bei Software und Dokumentation Auch bei einer von beiden Parteien zugestandenen Abweichung der IST-Beschaffenheit von der SOLL-Beschaffenheit (also einem Fehler aus technischer Sicht) kommt es h\u00e4ufig zum Streit bez\u00fcglich des Schweregrades des Fehlers. An dieser Stelle k\u00f6nnen wir als IT-Sachverst\u00e4ndige mit anerkannten Verfahren zur Fehlerklassifikation und -bewertung&#8230;<\/p>\n","protected":false},"author":1,"featured_media":0,"parent":0,"menu_order":0,"comment_status":"closed","ping_status":"closed","template":"","meta":{"inline_featured_image":false,"footnotes":""},"class_list":["post-97","page","type-page","status-publish","hentry"],"yoast_head":"<!-- This site is optimized with the Yoast SEO plugin v25.4 - https:\/\/yoast.com\/wordpress\/plugins\/seo\/ -->\n<title>Bewertung von Fehlern bei Software und Dokumentation - ecambria experts<\/title>\n<meta name=\"robots\" content=\"index, follow, max-snippet:-1, max-image-preview:large, max-video-preview:-1\" \/>\n<link rel=\"canonical\" href=\"https:\/\/www.ecambria-experts.de\/it-sachverstaendiger\/leistungen_fehlerberwertung_von_software_und_dokumentation\" \/>\n<meta property=\"og:locale\" content=\"de_DE\" \/>\n<meta property=\"og:type\" content=\"article\" \/>\n<meta property=\"og:title\" content=\"Bewertung von Fehlern bei Software und Dokumentation - ecambria experts\" \/>\n<meta property=\"og:description\" content=\"Bewertung von Fehlern bei Software und Dokumentation Auch bei einer von beiden Parteien zugestandenen Abweichung der IST-Beschaffenheit von der SOLL-Beschaffenheit (also einem Fehler aus technischer Sicht) kommt es h\u00e4ufig zum Streit bez\u00fcglich des Schweregrades des Fehlers. An dieser Stelle k\u00f6nnen wir als IT-Sachverst\u00e4ndige mit anerkannten Verfahren zur Fehlerklassifikation und -bewertung...\" \/>\n<meta property=\"og:url\" content=\"https:\/\/www.ecambria-experts.de\/it-sachverstaendiger\/leistungen_fehlerberwertung_von_software_und_dokumentation\" \/>\n<meta property=\"og:site_name\" content=\"ecambria experts\" \/>\n<meta property=\"article:modified_time\" content=\"2019-09-04T12:48:42+00:00\" \/>\n<meta name=\"twitter:card\" content=\"summary_large_image\" \/>\n<script type=\"application\/ld+json\" class=\"yoast-schema-graph\">{\"@context\":\"https:\/\/schema.org\",\"@graph\":[{\"@type\":\"WebPage\",\"@id\":\"https:\/\/www.ecambria-experts.de\/it-sachverstaendiger\/leistungen_fehlerberwertung_von_software_und_dokumentation\",\"url\":\"https:\/\/www.ecambria-experts.de\/it-sachverstaendiger\/leistungen_fehlerberwertung_von_software_und_dokumentation\",\"name\":\"Bewertung von Fehlern bei Software und Dokumentation - ecambria experts\",\"isPartOf\":{\"@id\":\"https:\/\/www.ecambria-experts.de\/it-sachverstaendiger\/#website\"},\"datePublished\":\"2014-12-20T12:32:35+00:00\",\"dateModified\":\"2019-09-04T12:48:42+00:00\",\"breadcrumb\":{\"@id\":\"https:\/\/www.ecambria-experts.de\/it-sachverstaendiger\/leistungen_fehlerberwertung_von_software_und_dokumentation#breadcrumb\"},\"inLanguage\":\"de\",\"potentialAction\":[{\"@type\":\"ReadAction\",\"target\":[\"https:\/\/www.ecambria-experts.de\/it-sachverstaendiger\/leistungen_fehlerberwertung_von_software_und_dokumentation\"]}]},{\"@type\":\"BreadcrumbList\",\"@id\":\"https:\/\/www.ecambria-experts.de\/it-sachverstaendiger\/leistungen_fehlerberwertung_von_software_und_dokumentation#breadcrumb\",\"itemListElement\":[{\"@type\":\"ListItem\",\"position\":1,\"name\":\"Startseite\",\"item\":\"https:\/\/www.ecambria-experts.de\/it-sachverstaendiger\/\"},{\"@type\":\"ListItem\",\"position\":2,\"name\":\"Bewertung von Fehlern bei Software und Dokumentation\"}]},{\"@type\":\"WebSite\",\"@id\":\"https:\/\/www.ecambria-experts.de\/it-sachverstaendiger\/#website\",\"url\":\"https:\/\/www.ecambria-experts.de\/it-sachverstaendiger\/\",\"name\":\"ecambria experts\",\"description\":\"IT-Sachverst\u00e4ndige und Gutachter, Bewertung, Gerichtsgutachten, Privatgutachten, Schlichtung\",\"publisher\":{\"@id\":\"https:\/\/www.ecambria-experts.de\/it-sachverstaendiger\/#organization\"},\"potentialAction\":[{\"@type\":\"SearchAction\",\"target\":{\"@type\":\"EntryPoint\",\"urlTemplate\":\"https:\/\/www.ecambria-experts.de\/it-sachverstaendiger\/?s={search_term_string}\"},\"query-input\":{\"@type\":\"PropertyValueSpecification\",\"valueRequired\":true,\"valueName\":\"search_term_string\"}}],\"inLanguage\":\"de\"},{\"@type\":\"Organization\",\"@id\":\"https:\/\/www.ecambria-experts.de\/it-sachverstaendiger\/#organization\",\"name\":\"ecambria experts\",\"url\":\"https:\/\/www.ecambria-experts.de\/it-sachverstaendiger\/\",\"logo\":{\"@type\":\"ImageObject\",\"inLanguage\":\"de\",\"@id\":\"https:\/\/www.ecambria-experts.de\/it-sachverstaendiger\/#\/schema\/logo\/image\/\",\"url\":\"https:\/\/www.ecambria-experts.de\/it-sachverstaendiger\/wp-content\/uploads\/2025\/09\/ecambria_experts_logo_ohne_rand.svg\",\"contentUrl\":\"https:\/\/www.ecambria-experts.de\/it-sachverstaendiger\/wp-content\/uploads\/2025\/09\/ecambria_experts_logo_ohne_rand.svg\",\"width\":369,\"height\":60,\"caption\":\"ecambria experts\"},\"image\":{\"@id\":\"https:\/\/www.ecambria-experts.de\/it-sachverstaendiger\/#\/schema\/logo\/image\/\"}}]}<\/script>\n<!-- \/ Yoast SEO plugin. -->","yoast_head_json":{"title":"Bewertung von Fehlern bei Software und Dokumentation - ecambria experts","robots":{"index":"index","follow":"follow","max-snippet":"max-snippet:-1","max-image-preview":"max-image-preview:large","max-video-preview":"max-video-preview:-1"},"canonical":"https:\/\/www.ecambria-experts.de\/it-sachverstaendiger\/leistungen_fehlerberwertung_von_software_und_dokumentation","og_locale":"de_DE","og_type":"article","og_title":"Bewertung von Fehlern bei Software und Dokumentation - ecambria experts","og_description":"Bewertung von Fehlern bei Software und Dokumentation Auch bei einer von beiden Parteien zugestandenen Abweichung der IST-Beschaffenheit von der SOLL-Beschaffenheit (also einem Fehler aus technischer Sicht) kommt es h\u00e4ufig zum Streit bez\u00fcglich des Schweregrades des Fehlers. An dieser Stelle k\u00f6nnen wir als IT-Sachverst\u00e4ndige mit anerkannten Verfahren zur Fehlerklassifikation und -bewertung...","og_url":"https:\/\/www.ecambria-experts.de\/it-sachverstaendiger\/leistungen_fehlerberwertung_von_software_und_dokumentation","og_site_name":"ecambria experts","article_modified_time":"2019-09-04T12:48:42+00:00","twitter_card":"summary_large_image","schema":{"@context":"https:\/\/schema.org","@graph":[{"@type":"WebPage","@id":"https:\/\/www.ecambria-experts.de\/it-sachverstaendiger\/leistungen_fehlerberwertung_von_software_und_dokumentation","url":"https:\/\/www.ecambria-experts.de\/it-sachverstaendiger\/leistungen_fehlerberwertung_von_software_und_dokumentation","name":"Bewertung von Fehlern bei Software und Dokumentation - ecambria experts","isPartOf":{"@id":"https:\/\/www.ecambria-experts.de\/it-sachverstaendiger\/#website"},"datePublished":"2014-12-20T12:32:35+00:00","dateModified":"2019-09-04T12:48:42+00:00","breadcrumb":{"@id":"https:\/\/www.ecambria-experts.de\/it-sachverstaendiger\/leistungen_fehlerberwertung_von_software_und_dokumentation#breadcrumb"},"inLanguage":"de","potentialAction":[{"@type":"ReadAction","target":["https:\/\/www.ecambria-experts.de\/it-sachverstaendiger\/leistungen_fehlerberwertung_von_software_und_dokumentation"]}]},{"@type":"BreadcrumbList","@id":"https:\/\/www.ecambria-experts.de\/it-sachverstaendiger\/leistungen_fehlerberwertung_von_software_und_dokumentation#breadcrumb","itemListElement":[{"@type":"ListItem","position":1,"name":"Startseite","item":"https:\/\/www.ecambria-experts.de\/it-sachverstaendiger\/"},{"@type":"ListItem","position":2,"name":"Bewertung von Fehlern bei Software und Dokumentation"}]},{"@type":"WebSite","@id":"https:\/\/www.ecambria-experts.de\/it-sachverstaendiger\/#website","url":"https:\/\/www.ecambria-experts.de\/it-sachverstaendiger\/","name":"ecambria experts","description":"IT-Sachverst\u00e4ndige und Gutachter, Bewertung, Gerichtsgutachten, Privatgutachten, Schlichtung","publisher":{"@id":"https:\/\/www.ecambria-experts.de\/it-sachverstaendiger\/#organization"},"potentialAction":[{"@type":"SearchAction","target":{"@type":"EntryPoint","urlTemplate":"https:\/\/www.ecambria-experts.de\/it-sachverstaendiger\/?s={search_term_string}"},"query-input":{"@type":"PropertyValueSpecification","valueRequired":true,"valueName":"search_term_string"}}],"inLanguage":"de"},{"@type":"Organization","@id":"https:\/\/www.ecambria-experts.de\/it-sachverstaendiger\/#organization","name":"ecambria experts","url":"https:\/\/www.ecambria-experts.de\/it-sachverstaendiger\/","logo":{"@type":"ImageObject","inLanguage":"de","@id":"https:\/\/www.ecambria-experts.de\/it-sachverstaendiger\/#\/schema\/logo\/image\/","url":"https:\/\/www.ecambria-experts.de\/it-sachverstaendiger\/wp-content\/uploads\/2025\/09\/ecambria_experts_logo_ohne_rand.svg","contentUrl":"https:\/\/www.ecambria-experts.de\/it-sachverstaendiger\/wp-content\/uploads\/2025\/09\/ecambria_experts_logo_ohne_rand.svg","width":369,"height":60,"caption":"ecambria experts"},"image":{"@id":"https:\/\/www.ecambria-experts.de\/it-sachverstaendiger\/#\/schema\/logo\/image\/"}}]}},"_links":{"self":[{"href":"https:\/\/www.ecambria-experts.de\/it-sachverstaendiger\/wp-json\/wp\/v2\/pages\/97","targetHints":{"allow":["GET"]}}],"collection":[{"href":"https:\/\/www.ecambria-experts.de\/it-sachverstaendiger\/wp-json\/wp\/v2\/pages"}],"about":[{"href":"https:\/\/www.ecambria-experts.de\/it-sachverstaendiger\/wp-json\/wp\/v2\/types\/page"}],"author":[{"embeddable":true,"href":"https:\/\/www.ecambria-experts.de\/it-sachverstaendiger\/wp-json\/wp\/v2\/users\/1"}],"replies":[{"embeddable":true,"href":"https:\/\/www.ecambria-experts.de\/it-sachverstaendiger\/wp-json\/wp\/v2\/comments?post=97"}],"version-history":[{"count":3,"href":"https:\/\/www.ecambria-experts.de\/it-sachverstaendiger\/wp-json\/wp\/v2\/pages\/97\/revisions"}],"predecessor-version":[{"id":1339,"href":"https:\/\/www.ecambria-experts.de\/it-sachverstaendiger\/wp-json\/wp\/v2\/pages\/97\/revisions\/1339"}],"wp:attachment":[{"href":"https:\/\/www.ecambria-experts.de\/it-sachverstaendiger\/wp-json\/wp\/v2\/media?parent=97"}],"curies":[{"name":"wp","href":"https:\/\/api.w.org\/{rel}","templated":true}]}}